{"id":4594,"date":"2024-01-04T10:29:41","date_gmt":"2024-01-04T09:29:41","guid":{"rendered":"https:\/\/beta.cflab.de\/contact\/"},"modified":"2025-12-19T14:15:40","modified_gmt":"2025-12-19T13:15:40","slug":"contact","status":"publish","type":"page","link":"https:\/\/cflab.de\/en\/contact\/","title":{"rendered":"Contact"},"content":{"rendered":"\t\t<div data-elementor-type=\"wp-page\" data-elementor-id=\"4594\" class=\"elementor elementor-4594 elementor-2135\" data-elementor-post-type=\"page\">\n\t\t\t\t\t\t<section class=\"elementor-section elementor-top-section elementor-element elementor-element-00ecfff elementor-section-height-min-height elementor-section-items-stretch elementor-section-content-space-between elementor-section-boxed elementor-section-height-default\" data-id=\"00ecfff\" data-element_type=\"section\" data-e-type=\"section\" data-settings=\"{&quot;background_background&quot;:&quot;classic&quot;}\">\n\t\t\t\t\t\t<div class=\"elementor-container elementor-column-gap-default\">\n\t\t\t\t\t<div class=\"elementor-column elementor-col-100 elementor-top-column elementor-element elementor-element-e0f98f6\" data-id=\"e0f98f6\" data-element_type=\"column\" data-e-type=\"column\">\n\t\t\t<div class=\"elementor-widget-wrap elementor-element-populated\">\n\t\t\t\t\t\t<div class=\"elementor-element elementor-element-ebd0aa1 elementor-widget elementor-widget-spacer\" data-id=\"ebd0aa1\" data-element_type=\"widget\" data-e-type=\"widget\" data-widget_type=\"spacer.default\">\n\t\t\t\t<div class=\"elementor-widget-container\">\n\t\t\t\t\t\t\t<div class=\"elementor-spacer\">\n\t\t\t<div class=\"elementor-spacer-inner\"><\/div>\n\t\t<\/div>\n\t\t\t\t\t\t<\/div>\n\t\t\t\t<\/div>\n\t\t\t\t<div class=\"elementor-element elementor-element-8baf243 elementor-invisible elementor-widget elementor-widget-heading\" data-id=\"8baf243\" data-element_type=\"widget\" data-e-type=\"widget\" data-settings=\"{&quot;_animation&quot;:&quot;slideInUp&quot;}\" data-widget_type=\"heading.default\">\n\t\t\t\t<div class=\"elementor-widget-container\">\n\t\t\t\t\t<h2 class=\"elementor-heading-title elementor-size-default\">Contact<\/h2>\t\t\t\t<\/div>\n\t\t\t\t<\/div>\n\t\t\t\t<div class=\"elementor-element elementor-element-fba3641 elementor-widget elementor-widget-spacer\" data-id=\"fba3641\" data-element_type=\"widget\" data-e-type=\"widget\" data-widget_type=\"spacer.default\">\n\t\t\t\t<div class=\"elementor-widget-container\">\n\t\t\t\t\t\t\t<div class=\"elementor-spacer\">\n\t\t\t<div class=\"elementor-spacer-inner\"><\/div>\n\t\t<\/div>\n\t\t\t\t\t\t<\/div>\n\t\t\t\t<\/div>\n\t\t\t\t\t<\/div>\n\t\t<\/div>\n\t\t\t\t\t<\/div>\n\t\t<\/section>\n\t\t\t\t<section class=\"elementor-section elementor-top-section elementor-element elementor-element-816c6c8 elementor-section-boxed elementor-section-height-default elementor-section-height-default\" data-id=\"816c6c8\" data-element_type=\"section\" data-e-type=\"section\" data-settings=\"{&quot;background_background&quot;:&quot;classic&quot;}\">\n\t\t\t\t\t\t<div class=\"elementor-container elementor-column-gap-no\">\n\t\t\t\t\t<div class=\"elementor-column elementor-col-25 elementor-top-column elementor-element elementor-element-e6cf027\" data-id=\"e6cf027\" data-element_type=\"column\" data-e-type=\"column\">\n\t\t\t<div class=\"elementor-widget-wrap\">\n\t\t\t\t\t\t\t<\/div>\n\t\t<\/div>\n\t\t\t\t<div class=\"elementor-column elementor-col-25 elementor-top-column elementor-element elementor-element-435b6a8\" data-id=\"435b6a8\" data-element_type=\"column\" data-e-type=\"column\">\n\t\t\t<div class=\"elementor-widget-wrap elementor-element-populated\">\n\t\t\t\t\t\t<div class=\"elementor-element elementor-element-f782007 elementor-widget elementor-widget-image\" data-id=\"f782007\" data-element_type=\"widget\" data-e-type=\"widget\" data-widget_type=\"image.default\">\n\t\t\t\t<div class=\"elementor-widget-container\">\n\t\t\t\t\t\t\t\t\t\t\t\t\t\t\t<img fetchpriority=\"high\" decoding=\"async\" width=\"657\" height=\"861\" src=\"https:\/\/cflab.de\/wp-content\/uploads\/2024\/01\/Karte_Kontakt_CFLab-02.svg\" class=\"attachment-large size-large wp-image-4487\" alt=\"\" \/>\t\t\t\t\t\t\t\t\t\t\t\t\t\t\t<\/div>\n\t\t\t\t<\/div>\n\t\t\t\t\t<\/div>\n\t\t<\/div>\n\t\t\t\t<div class=\"elementor-column elementor-col-25 elementor-top-column elementor-element elementor-element-a3f612f\" data-id=\"a3f612f\" data-element_type=\"column\" data-e-type=\"column\">\n\t\t\t<div class=\"elementor-widget-wrap\">\n\t\t\t\t\t\t\t<\/div>\n\t\t<\/div>\n\t\t\t\t<div class=\"elementor-column elementor-col-25 elementor-top-column elementor-element elementor-element-151745e\" data-id=\"151745e\" data-element_type=\"column\" data-e-type=\"column\">\n\t\t\t<div class=\"elementor-widget-wrap elementor-element-populated\">\n\t\t\t\t\t\t<section class=\"elementor-section elementor-inner-section elementor-element elementor-element-547a636 elementor-section-boxed elementor-section-height-default elementor-section-height-default\" data-id=\"547a636\" data-element_type=\"section\" data-e-type=\"section\">\n\t\t\t\t\t\t<div class=\"elementor-container elementor-column-gap-no\">\n\t\t\t\t\t<div class=\"elementor-column elementor-col-50 elementor-inner-column elementor-element elementor-element-dca238b\" data-id=\"dca238b\" data-element_type=\"column\" data-e-type=\"column\">\n\t\t\t<div class=\"elementor-widget-wrap elementor-element-populated\">\n\t\t\t\t\t\t<div class=\"elementor-element elementor-element-5948b34 elementor-view-default elementor-widget elementor-widget-icon\" data-id=\"5948b34\" data-element_type=\"widget\" data-e-type=\"widget\" data-widget_type=\"icon.default\">\n\t\t\t\t<div class=\"elementor-widget-container\">\n\t\t\t\t\t\t\t<div class=\"elementor-icon-wrapper\">\n\t\t\t<div class=\"elementor-icon\">\n\t\t\t<svg xmlns=\"http:\/\/www.w3.org\/2000\/svg\" xmlns:xlink=\"http:\/\/www.w3.org\/1999\/xlink\" id=\"Ebene_1\" x=\"0px\" y=\"0px\" viewBox=\"0 0 135 197\" style=\"enable-background:new 0 0 135 197;\" xml:space=\"preserve\"><g>\t<path d=\"M67.2,5.5C34.4,5.5,7.6,30.2,6.3,63c-1.8,45.5,33.6,99.3,51.2,123.2c4.7,6.4,14.4,6.4,19-0.1c17.1-24,51.6-77.9,51.6-119.7  C128.2,32.8,100.9,5.5,67.2,5.5z M67.2,101.6c-19.4,0-35-15.7-35-35s15.7-35,35-35s35,15.7,35,35S86.6,101.6,67.2,101.6z\"><\/path><\/g><\/svg>\t\t\t<\/div>\n\t\t<\/div>\n\t\t\t\t\t\t<\/div>\n\t\t\t\t<\/div>\n\t\t\t\t<div class=\"elementor-element elementor-element-5483925 elementor-widget elementor-widget-text-editor\" data-id=\"5483925\" data-element_type=\"widget\" data-e-type=\"widget\" data-widget_type=\"text-editor.default\">\n\t\t\t\t<div class=\"elementor-widget-container\">\n\t\t\t\t\t\t\t\t\t<h3><span style=\"color: #000000;\">Dresden<br \/>Office<\/span><\/h3><p>Construction Future Lab gGmbH<br \/>K\u00f6nneritzstra\u00dfe 3<br \/>01067 Dresden<\/p>\t\t\t\t\t\t\t\t<\/div>\n\t\t\t\t<\/div>\n\t\t\t\t\t<\/div>\n\t\t<\/div>\n\t\t\t\t<div class=\"elementor-column elementor-col-50 elementor-inner-column elementor-element elementor-element-471df27\" data-id=\"471df27\" data-element_type=\"column\" data-e-type=\"column\">\n\t\t\t<div class=\"elementor-widget-wrap elementor-element-populated\">\n\t\t\t\t\t\t<div class=\"elementor-element elementor-element-2c84972 elementor-view-default elementor-widget elementor-widget-icon\" data-id=\"2c84972\" data-element_type=\"widget\" data-e-type=\"widget\" data-widget_type=\"icon.default\">\n\t\t\t\t<div class=\"elementor-widget-container\">\n\t\t\t\t\t\t\t<div class=\"elementor-icon-wrapper\">\n\t\t\t<div class=\"elementor-icon\">\n\t\t\t<svg xmlns=\"http:\/\/www.w3.org\/2000\/svg\" xmlns:xlink=\"http:\/\/www.w3.org\/1999\/xlink\" id=\"Ebene_1\" x=\"0px\" y=\"0px\" viewBox=\"0 0 135 197\" style=\"enable-background:new 0 0 135 197;\" xml:space=\"preserve\"><g>\t<path d=\"M67.2,5.5C34.4,5.5,7.6,30.2,6.3,63c-1.8,45.5,33.6,99.3,51.2,123.2c4.7,6.4,14.4,6.4,19-0.1c17.1-24,51.6-77.9,51.6-119.7  C128.2,32.8,100.9,5.5,67.2,5.5z M67.2,101.6c-19.4,0-35-15.7-35-35s15.7-35,35-35s35,15.7,35,35S86.6,101.6,67.2,101.6z\"><\/path><\/g><\/svg>\t\t\t<\/div>\n\t\t<\/div>\n\t\t\t\t\t\t<\/div>\n\t\t\t\t<\/div>\n\t\t\t\t<div class=\"elementor-element elementor-element-feb11c9 elementor-widget elementor-widget-text-editor\" data-id=\"feb11c9\" data-element_type=\"widget\" data-e-type=\"widget\" data-widget_type=\"text-editor.default\">\n\t\t\t\t<div class=\"elementor-widget-container\">\n\t\t\t\t\t\t\t\t\t<h3>G\u00f6rlitz <br \/>Test Area<\/h3><p>Construction Future Lab gGmbH<br \/>Klingwalder H\u00f6he 5<br \/>02828 G\u00f6rlitz<\/p>\t\t\t\t\t\t\t\t<\/div>\n\t\t\t\t<\/div>\n\t\t\t\t<div class=\"elementor-element elementor-element-0085828 elementor-align-left elementor-widget elementor-widget-button\" data-id=\"0085828\" data-element_type=\"widget\" data-e-type=\"widget\" data-widget_type=\"button.default\">\n\t\t\t\t<div class=\"elementor-widget-container\">\n\t\t\t\t\t\t\t\t\t<div class=\"elementor-button-wrapper\">\n\t\t\t\t\t<a class=\"elementor-button elementor-size-xs\" role=\"button\">\n\t\t\t\t\t\t<span class=\"elementor-button-content-wrapper\">\n\t\t\t\t\t\t\t\t\t<span class=\"elementor-button-text\">Construction has started<\/span>\n\t\t\t\t\t<\/span>\n\t\t\t\t\t<\/a>\n\t\t\t\t<\/div>\n\t\t\t\t\t\t\t\t<\/div>\n\t\t\t\t<\/div>\n\t\t\t\t\t<\/div>\n\t\t<\/div>\n\t\t\t\t\t<\/div>\n\t\t<\/section>\n\t\t\t\t<div class=\"elementor-element elementor-element-6a5d8cf elementor-widget-divider--view-line elementor-widget elementor-widget-divider\" data-id=\"6a5d8cf\" data-element_type=\"widget\" data-e-type=\"widget\" data-widget_type=\"divider.default\">\n\t\t\t\t<div class=\"elementor-widget-container\">\n\t\t\t\t\t\t\t<div class=\"elementor-divider\">\n\t\t\t<span class=\"elementor-divider-separator\">\n\t\t\t\t\t\t<\/span>\n\t\t<\/div>\n\t\t\t\t\t\t<\/div>\n\t\t\t\t<\/div>\n\t\t\t\t<div class=\"elementor-element elementor-element-d8ea04e elementor-widget elementor-widget-heading\" data-id=\"d8ea04e\" data-element_type=\"widget\" data-e-type=\"widget\" data-widget_type=\"heading.default\">\n\t\t\t\t<div class=\"elementor-widget-container\">\n\t\t\t\t\t<h2 class=\"elementor-heading-title elementor-size-default\">+49 152 25691262<\/h2>\t\t\t\t<\/div>\n\t\t\t\t<\/div>\n\t\t\t\t<div class=\"elementor-element elementor-element-e19bb4d elementor-widget__width-initial elementor-widget elementor-widget-heading\" data-id=\"e19bb4d\" data-element_type=\"widget\" data-e-type=\"widget\" data-widget_type=\"heading.default\">\n\t\t\t\t<div class=\"elementor-widget-container\">\n\t\t\t\t\t<h2 class=\"elementor-heading-title elementor-size-default\"><a href=\"mailto:info@cflab.de?subject=Kontaktanfrage%20CFLab\">info@cflab.de<\/a><\/h2>\t\t\t\t<\/div>\n\t\t\t\t<\/div>\n\t\t\t\t\t<\/div>\n\t\t<\/div>\n\t\t\t\t\t<\/div>\n\t\t<\/section>\n\t\t\t\t<section class=\"elementor-section elementor-top-section elementor-element elementor-element-518ff36 elementor-section-boxed elementor-section-height-default elementor-section-height-default\" data-id=\"518ff36\" data-element_type=\"section\" data-e-type=\"section\" data-settings=\"{&quot;background_background&quot;:&quot;classic&quot;}\">\n\t\t\t\t\t\t<div class=\"elementor-container elementor-column-gap-default\">\n\t\t\t\t\t<div class=\"elementor-column elementor-col-100 elementor-top-column elementor-element elementor-element-b72e805\" data-id=\"b72e805\" data-element_type=\"column\" data-e-type=\"column\">\n\t\t\t<div class=\"elementor-widget-wrap elementor-element-populated\">\n\t\t\t\t\t\t<div class=\"elementor-element elementor-element-13d91fe elementor-widget elementor-widget-heading\" data-id=\"13d91fe\" data-element_type=\"widget\" data-e-type=\"widget\" data-widget_type=\"heading.default\">\n\t\t\t\t<div class=\"elementor-widget-container\">\n\t\t\t\t\t<h2 class=\"elementor-heading-title elementor-size-default\">Your Contact<\/h2>\t\t\t\t<\/div>\n\t\t\t\t<\/div>\n\t\t\t\t<div class=\"elementor-element elementor-element-f0596ea elementor-widget elementor-widget-spacer\" data-id=\"f0596ea\" data-element_type=\"widget\" data-e-type=\"widget\" data-widget_type=\"spacer.default\">\n\t\t\t\t<div class=\"elementor-widget-container\">\n\t\t\t\t\t\t\t<div class=\"elementor-spacer\">\n\t\t\t<div class=\"elementor-spacer-inner\"><\/div>\n\t\t<\/div>\n\t\t\t\t\t\t<\/div>\n\t\t\t\t<\/div>\n\t\t\t\t<section class=\"elementor-section elementor-inner-section elementor-element elementor-element-c2b13e4 elementor-section-boxed elementor-section-height-default elementor-section-height-default\" data-id=\"c2b13e4\" data-element_type=\"section\" data-e-type=\"section\">\n\t\t\t\t\t\t<div class=\"elementor-container elementor-column-gap-default\">\n\t\t\t\t\t<div class=\"elementor-column elementor-col-33 elementor-inner-column elementor-element elementor-element-398a981\" data-id=\"398a981\" data-element_type=\"column\" data-e-type=\"column\">\n\t\t\t<div class=\"elementor-widget-wrap elementor-element-populated\">\n\t\t\t\t\t\t<div class=\"elementor-element elementor-element-de85164 elementor-widget elementor-widget-image\" data-id=\"de85164\" data-element_type=\"widget\" data-e-type=\"widget\" data-widget_type=\"image.default\">\n\t\t\t\t<div class=\"elementor-widget-container\">\n\t\t\t\t\t\t\t\t\t\t\t\t\t\t\t<img decoding=\"async\" src=\"https:\/\/cflab.de\/wp-content\/uploads\/2024\/10\/Andre_web-scaled.jpg\" title=\"Andre_web\" alt=\"Andre_web\" loading=\"lazy\" \/>\t\t\t\t\t\t\t\t\t\t\t\t\t\t\t<\/div>\n\t\t\t\t<\/div>\n\t\t\t\t\t<\/div>\n\t\t<\/div>\n\t\t\t\t<div class=\"elementor-column elementor-col-33 elementor-inner-column elementor-element elementor-element-d329386\" data-id=\"d329386\" data-element_type=\"column\" data-e-type=\"column\">\n\t\t\t<div class=\"elementor-widget-wrap elementor-element-populated\">\n\t\t\t\t\t\t<div class=\"elementor-element elementor-element-d2e7b7b elementor-widget elementor-widget-heading\" data-id=\"d2e7b7b\" data-element_type=\"widget\" data-e-type=\"widget\" data-widget_type=\"heading.default\">\n\t\t\t\t<div class=\"elementor-widget-container\">\n\t\t\t\t\t<h2 class=\"elementor-heading-title elementor-size-default\">Dr.-Ing. Andr\u00e9 Sitte<\/h2>\t\t\t\t<\/div>\n\t\t\t\t<\/div>\n\t\t\t\t<div class=\"elementor-element elementor-element-2147624 elementor-widget elementor-widget-text-editor\" data-id=\"2147624\" data-element_type=\"widget\" data-e-type=\"widget\" data-widget_type=\"text-editor.default\">\n\t\t\t\t<div class=\"elementor-widget-container\">\n\t\t\t\t\t\t\t\t\t<p>Chief Operating &amp; Financial Officer<\/p>\t\t\t\t\t\t\t\t<\/div>\n\t\t\t\t<\/div>\n\t\t\t\t<div class=\"elementor-element elementor-element-955508c elementor-widget elementor-widget-heading\" data-id=\"955508c\" data-element_type=\"widget\" data-e-type=\"widget\" data-widget_type=\"heading.default\">\n\t\t\t\t<div class=\"elementor-widget-container\">\n\t\t\t\t\t<h2 class=\"elementor-heading-title elementor-size-default\">+49 152 25691262<\/h2>\t\t\t\t<\/div>\n\t\t\t\t<\/div>\n\t\t\t\t<div class=\"elementor-element elementor-element-29b2fbb elementor-align-left elementor-mobile-align-left elementor-widget elementor-widget-button\" data-id=\"29b2fbb\" data-element_type=\"widget\" data-e-type=\"widget\" data-widget_type=\"button.default\">\n\t\t\t\t<div class=\"elementor-widget-container\">\n\t\t\t\t\t\t\t\t\t<div class=\"elementor-button-wrapper\">\n\t\t\t\t\t<a class=\"elementor-button elementor-button-link elementor-size-xs\" href=\"mailto:andre.sitte@cflab.de?subject=Kontaktanfrage\" innovation=\"\" id=\"innovation\">\n\t\t\t\t\t\t<span class=\"elementor-button-content-wrapper\">\n\t\t\t\t\t\t\t\t\t<span class=\"elementor-button-text\">andre.sitte@cflab.de<\/span>\n\t\t\t\t\t<\/span>\n\t\t\t\t\t<\/a>\n\t\t\t\t<\/div>\n\t\t\t\t\t\t\t\t<\/div>\n\t\t\t\t<\/div>\n\t\t\t\t\t<\/div>\n\t\t<\/div>\n\t\t\t\t<div class=\"elementor-column elementor-col-33 elementor-inner-column elementor-element elementor-element-a814194 elementor-hidden-mobile\" data-id=\"a814194\" data-element_type=\"column\" data-e-type=\"column\">\n\t\t\t<div class=\"elementor-widget-wrap elementor-element-populated\">\n\t\t\t\t\t\t<div class=\"elementor-element elementor-element-2e6f715 elementor-widget elementor-widget-image\" data-id=\"2e6f715\" data-element_type=\"widget\" data-e-type=\"widget\" data-widget_type=\"image.default\">\n\t\t\t\t<div class=\"elementor-widget-container\">\n\t\t\t\t\t\t\t\t\t\t\t\t\t\t\t<img decoding=\"async\" src=\"https:\/\/cflab.de\/wp-content\/uploads\/2023\/10\/CFLab_Logo_ohne_Claim_RGB.svg\" title=\"CFLab_Logo_ohne_Claim_RGB\" alt=\"CFLab_Logo_ohne_Claim_RGB\" loading=\"lazy\" \/>\t\t\t\t\t\t\t\t\t\t\t\t\t\t\t<\/div>\n\t\t\t\t<\/div>\n\t\t\t\t\t<\/div>\n\t\t<\/div>\n\t\t\t\t\t<\/div>\n\t\t<\/section>\n\t\t\t\t\t<\/div>\n\t\t<\/div>\n\t\t\t\t\t<\/div>\n\t\t<\/section>\n\t\t\t\t<\/div>\n\t\t","protected":false},"excerpt":{"rendered":"<p>Contact DresdenOffice Construction Future Lab gGmbHK\u00f6nneritzstra\u00dfe 301067 Dresden G\u00f6rlitz Test Area Construction Future Lab gGmbHKlingwalder H\u00f6he 502828 G\u00f6rlitz Construction has started +49 152 25691262 info@cflab.de Your Contact Dr.-Ing. Andr\u00e9 Sitte Chief Operating &amp; Financial Officer +49 152 25691262 andre.sitte@cflab.de<\/p>\n","protected":false},"author":9,"featured_media":0,"parent":0,"menu_order":0,"comment_status":"closed","ping_status":"closed","template":"elementor_header_footer","meta":{"footnotes":""},"class_list":["post-4594","page","type-page","status-publish","hentry"],"yoast_head":"<!-- This site is optimized with the Yoast SEO plugin v27.5 - https:\/\/yoast.com\/product\/yoast-seo-wordpress\/ -->\n<title>CFLab\u2014Contact<\/title>\n<meta name=\"description\" content=\"Want to become part of Construction Future Lab? Get in touch with us! We look forward to hearing from you.\" \/>\n<meta name=\"robots\" content=\"index, follow, max-snippet:-1, max-image-preview:large, max-video-preview:-1\" \/>\n<link rel=\"canonical\" href=\"https:\/\/cflab.de\/en\/contact\/\" \/>\n<meta property=\"og:locale\" content=\"en_US\" \/>\n<meta property=\"og:type\" content=\"article\" \/>\n<meta property=\"og:title\" content=\"CFLab\u2014Contact\" \/>\n<meta property=\"og:description\" content=\"Want to become part of Construction Future Lab? Get in touch with us! We look forward to hearing from you.\" \/>\n<meta property=\"og:url\" content=\"https:\/\/cflab.de\/en\/contact\/\" \/>\n<meta property=\"og:site_name\" content=\"CFLab\" \/>\n<meta property=\"article:modified_time\" content=\"2025-12-19T13:15:40+00:00\" \/>\n<meta property=\"og:image\" content=\"https:\/\/cflab.de\/wp-content\/uploads\/2024\/01\/Karte_Kontakt_CFLab-02.svg\" \/>\n<meta name=\"twitter:card\" content=\"summary_large_image\" \/>\n<meta name=\"twitter:label1\" content=\"Est. reading time\" \/>\n\t<meta name=\"twitter:data1\" content=\"1 minute\" \/>\n<script type=\"application\/ld+json\" class=\"yoast-schema-graph\">{\"@context\":\"https:\\\/\\\/schema.org\",\"@graph\":[{\"@type\":\"WebPage\",\"@id\":\"https:\\\/\\\/cflab.de\\\/en\\\/contact\\\/\",\"url\":\"https:\\\/\\\/cflab.de\\\/en\\\/contact\\\/\",\"name\":\"CFLab\u2014Contact\",\"isPartOf\":{\"@id\":\"https:\\\/\\\/cflab.de\\\/en\\\/#website\"},\"primaryImageOfPage\":{\"@id\":\"https:\\\/\\\/cflab.de\\\/en\\\/contact\\\/#primaryimage\"},\"image\":{\"@id\":\"https:\\\/\\\/cflab.de\\\/en\\\/contact\\\/#primaryimage\"},\"thumbnailUrl\":\"https:\\\/\\\/cflab.de\\\/wp-content\\\/uploads\\\/2024\\\/01\\\/Karte_Kontakt_CFLab-02.svg\",\"datePublished\":\"2024-01-04T09:29:41+00:00\",\"dateModified\":\"2025-12-19T13:15:40+00:00\",\"description\":\"Want to become part of Construction Future Lab? Get in touch with us! We look forward to hearing from you.\",\"breadcrumb\":{\"@id\":\"https:\\\/\\\/cflab.de\\\/en\\\/contact\\\/#breadcrumb\"},\"inLanguage\":\"en-US\",\"potentialAction\":[{\"@type\":\"ReadAction\",\"target\":[\"https:\\\/\\\/cflab.de\\\/en\\\/contact\\\/\"]}]},{\"@type\":\"ImageObject\",\"inLanguage\":\"en-US\",\"@id\":\"https:\\\/\\\/cflab.de\\\/en\\\/contact\\\/#primaryimage\",\"url\":\"https:\\\/\\\/cflab.de\\\/wp-content\\\/uploads\\\/2024\\\/01\\\/Karte_Kontakt_CFLab-02.svg\",\"contentUrl\":\"https:\\\/\\\/cflab.de\\\/wp-content\\\/uploads\\\/2024\\\/01\\\/Karte_Kontakt_CFLab-02.svg\"},{\"@type\":\"BreadcrumbList\",\"@id\":\"https:\\\/\\\/cflab.de\\\/en\\\/contact\\\/#breadcrumb\",\"itemListElement\":[{\"@type\":\"ListItem\",\"position\":1,\"name\":\"Startseite\",\"item\":\"https:\\\/\\\/cflab.de\\\/en\\\/\"},{\"@type\":\"ListItem\",\"position\":2,\"name\":\"Contact\"}]},{\"@type\":\"WebSite\",\"@id\":\"https:\\\/\\\/cflab.de\\\/en\\\/#website\",\"url\":\"https:\\\/\\\/cflab.de\\\/en\\\/\",\"name\":\"CFLab\",\"description\":\"Kernfelder des digitalisierten Bauens\",\"publisher\":{\"@id\":\"https:\\\/\\\/cflab.de\\\/en\\\/#organization\"},\"potentialAction\":[{\"@type\":\"SearchAction\",\"target\":{\"@type\":\"EntryPoint\",\"urlTemplate\":\"https:\\\/\\\/cflab.de\\\/en\\\/?s={search_term_string}\"},\"query-input\":{\"@type\":\"PropertyValueSpecification\",\"valueRequired\":true,\"valueName\":\"search_term_string\"}}],\"inLanguage\":\"en-US\"},{\"@type\":\"Organization\",\"@id\":\"https:\\\/\\\/cflab.de\\\/en\\\/#organization\",\"name\":\"CFLab\",\"url\":\"https:\\\/\\\/cflab.de\\\/en\\\/\",\"logo\":{\"@type\":\"ImageObject\",\"inLanguage\":\"en-US\",\"@id\":\"https:\\\/\\\/cflab.de\\\/en\\\/#\\\/schema\\\/logo\\\/image\\\/\",\"url\":\"https:\\\/\\\/cflab.de\\\/wp-content\\\/uploads\\\/2022\\\/09\\\/CFLab_Logo_RGB.svg\",\"contentUrl\":\"https:\\\/\\\/cflab.de\\\/wp-content\\\/uploads\\\/2022\\\/09\\\/CFLab_Logo_RGB.svg\",\"caption\":\"CFLab\"},\"image\":{\"@id\":\"https:\\\/\\\/cflab.de\\\/en\\\/#\\\/schema\\\/logo\\\/image\\\/\"}}]}<\/script>\n<!-- \/ Yoast SEO plugin. -->","yoast_head_json":{"title":"CFLab\u2014Contact","description":"Want to become part of Construction Future Lab? Get in touch with us! We look forward to hearing from you.","robots":{"index":"index","follow":"follow","max-snippet":"max-snippet:-1","max-image-preview":"max-image-preview:large","max-video-preview":"max-video-preview:-1"},"canonical":"https:\/\/cflab.de\/en\/contact\/","og_locale":"en_US","og_type":"article","og_title":"CFLab\u2014Contact","og_description":"Want to become part of Construction Future Lab? Get in touch with us! We look forward to hearing from you.","og_url":"https:\/\/cflab.de\/en\/contact\/","og_site_name":"CFLab","article_modified_time":"2025-12-19T13:15:40+00:00","og_image":[{"url":"https:\/\/cflab.de\/wp-content\/uploads\/2024\/01\/Karte_Kontakt_CFLab-02.svg","type":"","width":"","height":""}],"twitter_card":"summary_large_image","twitter_misc":{"Est. reading time":"1 minute"},"schema":{"@context":"https:\/\/schema.org","@graph":[{"@type":"WebPage","@id":"https:\/\/cflab.de\/en\/contact\/","url":"https:\/\/cflab.de\/en\/contact\/","name":"CFLab\u2014Contact","isPartOf":{"@id":"https:\/\/cflab.de\/en\/#website"},"primaryImageOfPage":{"@id":"https:\/\/cflab.de\/en\/contact\/#primaryimage"},"image":{"@id":"https:\/\/cflab.de\/en\/contact\/#primaryimage"},"thumbnailUrl":"https:\/\/cflab.de\/wp-content\/uploads\/2024\/01\/Karte_Kontakt_CFLab-02.svg","datePublished":"2024-01-04T09:29:41+00:00","dateModified":"2025-12-19T13:15:40+00:00","description":"Want to become part of Construction Future Lab? Get in touch with us! We look forward to hearing from you.","breadcrumb":{"@id":"https:\/\/cflab.de\/en\/contact\/#breadcrumb"},"inLanguage":"en-US","potentialAction":[{"@type":"ReadAction","target":["https:\/\/cflab.de\/en\/contact\/"]}]},{"@type":"ImageObject","inLanguage":"en-US","@id":"https:\/\/cflab.de\/en\/contact\/#primaryimage","url":"https:\/\/cflab.de\/wp-content\/uploads\/2024\/01\/Karte_Kontakt_CFLab-02.svg","contentUrl":"https:\/\/cflab.de\/wp-content\/uploads\/2024\/01\/Karte_Kontakt_CFLab-02.svg"},{"@type":"BreadcrumbList","@id":"https:\/\/cflab.de\/en\/contact\/#breadcrumb","itemListElement":[{"@type":"ListItem","position":1,"name":"Startseite","item":"https:\/\/cflab.de\/en\/"},{"@type":"ListItem","position":2,"name":"Contact"}]},{"@type":"WebSite","@id":"https:\/\/cflab.de\/en\/#website","url":"https:\/\/cflab.de\/en\/","name":"CFLab","description":"Kernfelder des digitalisierten Bauens","publisher":{"@id":"https:\/\/cflab.de\/en\/#organization"},"potentialAction":[{"@type":"SearchAction","target":{"@type":"EntryPoint","urlTemplate":"https:\/\/cflab.de\/en\/?s={search_term_string}"},"query-input":{"@type":"PropertyValueSpecification","valueRequired":true,"valueName":"search_term_string"}}],"inLanguage":"en-US"},{"@type":"Organization","@id":"https:\/\/cflab.de\/en\/#organization","name":"CFLab","url":"https:\/\/cflab.de\/en\/","logo":{"@type":"ImageObject","inLanguage":"en-US","@id":"https:\/\/cflab.de\/en\/#\/schema\/logo\/image\/","url":"https:\/\/cflab.de\/wp-content\/uploads\/2022\/09\/CFLab_Logo_RGB.svg","contentUrl":"https:\/\/cflab.de\/wp-content\/uploads\/2022\/09\/CFLab_Logo_RGB.svg","caption":"CFLab"},"image":{"@id":"https:\/\/cflab.de\/en\/#\/schema\/logo\/image\/"}}]}},"_links":{"self":[{"href":"https:\/\/cflab.de\/en\/wp-json\/wp\/v2\/pages\/4594","targetHints":{"allow":["GET"]}}],"collection":[{"href":"https:\/\/cflab.de\/en\/wp-json\/wp\/v2\/pages"}],"about":[{"href":"https:\/\/cflab.de\/en\/wp-json\/wp\/v2\/types\/page"}],"author":[{"embeddable":true,"href":"https:\/\/cflab.de\/en\/wp-json\/wp\/v2\/users\/9"}],"replies":[{"embeddable":true,"href":"https:\/\/cflab.de\/en\/wp-json\/wp\/v2\/comments?post=4594"}],"version-history":[{"count":10,"href":"https:\/\/cflab.de\/en\/wp-json\/wp\/v2\/pages\/4594\/revisions"}],"predecessor-version":[{"id":8421,"href":"https:\/\/cflab.de\/en\/wp-json\/wp\/v2\/pages\/4594\/revisions\/8421"}],"wp:attachment":[{"href":"https:\/\/cflab.de\/en\/wp-json\/wp\/v2\/media?parent=4594"}],"curies":[{"name":"wp","href":"https:\/\/api.w.org\/{rel}","templated":true}]}}